{"id":21,"date":"2021-06-03T12:54:41","date_gmt":"2021-06-03T12:54:41","guid":{"rendered":"http:\/\/turkhaberakademi.org\/2021\/contact\/"},"modified":"2021-06-03T14:44:03","modified_gmt":"2021-06-03T14:44:03","slug":"contact","status":"publish","type":"page","link":"http:\/\/turkhaberakademi.org.tr\/2021\/contact\/","title":{"rendered":"\u0130LET\u0130\u015e\u0130M"},"content":{"rendered":"\n\n\n\n\n\n<h4><span>T\u00fcrk Haber-Sen Genel Merkezi<\/span><\/h4><h4><span>Talatpa\u015fa Bulvar\u0131 No : 160 Kat:3 \u00c7ankaya\/Ankara&nbsp;<\/span><\/h4>\n\n\n\n\n\n<h4>bilgi@turkhabersen.org.tr&nbsp;<\/h4><h4>turkhaberakademi@gmail.com<\/h4>\n\n\n\n\n\n<h4><span>Tel&nbsp; &nbsp;: 0(312) 424 22 44<br><\/span><span>Faks : 0(312) 424 22 49<\/span><\/h4>\n\n\n\n\n\n\n\n\n\n\n\n\n\n\n","protected":false},"excerpt":{"rendered":"","protected":false},"author":0,"featured_media":0,"parent":0,"menu_order":0,"comment_status":"closed","ping_status":"closed","template":"","meta":{"pagelayer_contact_templates":[],"_pagelayer_content":"","footnotes":""},"class_list":["post-21","page","type-page","status-publish","hentry"],"_links":{"self":[{"href":"http:\/\/turkhaberakademi.org.tr\/2021\/wp-json\/wp\/v2\/pages\/21","targetHints":{"allow":["GET"]}}],"collection":[{"href":"http:\/\/turkhaberakademi.org.tr\/2021\/wp-json\/wp\/v2\/pages"}],"about":[{"href":"http:\/\/turkhaberakademi.org.tr\/2021\/wp-json\/wp\/v2\/types\/page"}],"replies":[{"embeddable":true,"href":"http:\/\/turkhaberakademi.org.tr\/2021\/wp-json\/wp\/v2\/comments?post=21"}],"version-history":[{"count":3,"href":"http:\/\/turkhaberakademi.org.tr\/2021\/wp-json\/wp\/v2\/pages\/21\/revisions"}],"predecessor-version":[{"id":51,"href":"http:\/\/turkhaberakademi.org.tr\/2021\/wp-json\/wp\/v2\/pages\/21\/revisions\/51"}],"wp:attachment":[{"href":"http:\/\/turkhaberakademi.org.tr\/2021\/wp-json\/wp\/v2\/media?parent=21"}],"curies":[{"name":"wp","href":"https:\/\/api.w.org\/{rel}","templated":true}]}}