{"id":20,"date":"2021-06-03T12:54:41","date_gmt":"2021-06-03T12:54:41","guid":{"rendered":"http:\/\/turkhaberakademi.org\/2021\/home\/"},"modified":"2024-08-18T10:26:29","modified_gmt":"2024-08-18T10:26:29","slug":"home","status":"publish","type":"page","link":"http:\/\/turkhaberakademi.org.tr\/2021\/","title":{"rendered":"ANA SAYFA"},"content":{"rendered":"\n\n\n\n\n\nGenel Ba\u015fkan&#8217;dan\n\n<p style=\"text-align: left;font-size: 14px\">T\u00fcrk Haber-Sen Genel Ba\u015fkan\u0131 Say\u0131n Y\u00fccel KAZANCIO\u011eLU&#8217;nun T\u00fcrk Haber-Sen Akademinin a\u00e7\u0131l\u0131\u015f\u0131 ile yay\u0131nlam\u0131\u015f oldu\u011fu mesaj\u0131<\/p>\n\n\n","protected":false},"excerpt":{"rendered":"","protected":false},"author":0,"featured_media":0,"parent":0,"menu_order":0,"comment_status":"closed","ping_status":"closed","template":"","meta":{"pagelayer_contact_templates":[],"_pagelayer_content":"","footnotes":""},"class_list":["post-20","page","type-page","status-publish","hentry"],"_links":{"self":[{"href":"http:\/\/turkhaberakademi.org.tr\/2021\/wp-json\/wp\/v2\/pages\/20","targetHints":{"allow":["GET"]}}],"collection":[{"href":"http:\/\/turkhaberakademi.org.tr\/2021\/wp-json\/wp\/v2\/pages"}],"about":[{"href":"http:\/\/turkhaberakademi.org.tr\/2021\/wp-json\/wp\/v2\/types\/page"}],"replies":[{"embeddable":true,"href":"http:\/\/turkhaberakademi.org.tr\/2021\/wp-json\/wp\/v2\/comments?post=20"}],"version-history":[{"count":3,"href":"http:\/\/turkhaberakademi.org.tr\/2021\/wp-json\/wp\/v2\/pages\/20\/revisions"}],"predecessor-version":[{"id":53,"href":"http:\/\/turkhaberakademi.org.tr\/2021\/wp-json\/wp\/v2\/pages\/20\/revisions\/53"}],"wp:attachment":[{"href":"http:\/\/turkhaberakademi.org.tr\/2021\/wp-json\/wp\/v2\/media?parent=20"}],"curies":[{"name":"wp","href":"https:\/\/api.w.org\/{rel}","templated":true}]}}