{"id":19,"date":"2021-06-03T12:54:41","date_gmt":"2021-06-03T12:54:41","guid":{"rendered":"http:\/\/turkhaberakademi.org\/2021\/about\/"},"modified":"2021-06-03T14:43:48","modified_gmt":"2021-06-03T14:43:48","slug":"about","status":"publish","type":"page","link":"http:\/\/turkhaberakademi.org.tr\/2021\/about\/","title":{"rendered":"E\u011e\u0130T\u0130MLER\u0130M\u0130Z"},"content":{"rendered":"\n\n\nE\u011fitimlerimiz\n\n\n\n<p><span style=\"font-size: 14px\">TRT taraf\u0131ndan yap\u0131lan g\u00f6revde y\u00fckselme ve unvan de\u011fi\u015fikli\u011fi s\u0131nav\u0131 i\u00e7in haz\u0131rlanan e\u011fitim materyallerine Akademi \u00fczerinden ula\u015fabilirsiniz<\/span><\/p>\n\n\n<h5>Akademi mobil uygulamalar\u0131n\u0131 a\u015fa\u011f\u0131daki adreslerden indirebilirsiniz<\/h5><h5><br><span>Android<\/span>&nbsp;:&nbsp;<a href=\"https:\/\/play.google.com\/store\/apps\/details?id=com.moodle.moodlemobile\">https:\/\/play.google.com\/store\/apps\/details?id=com.moodle.moodlemobile<br><\/a><br><\/h5><h5>IOS :&nbsp;<a href=\"https:\/\/apps.apple.com\/tr\/app\/moodle\/id633359593?l=tr\">https:\/\/apps.apple.com\/tr\/app\/moodle\/id633359593?l=tr<\/a><\/h5>\n\n\n\n\n\n\n<h4><span>Akademi Sayfas\u0131na ula\u015fmak i\u00e7in&nbsp;<\/span><a href=\"https:\/\/turkhaberakademi.org\/akademi\/login\/index.php\">https:\/\/turkhaberakademi.org\/akademi\/login\/index.php<\/a><span>&nbsp;adresini kullanabilirsiniz.<\/span><\/h4>\n\n\n","protected":false},"excerpt":{"rendered":"","protected":false},"author":1,"featured_media":0,"parent":0,"menu_order":0,"comment_status":"closed","ping_status":"closed","template":"","meta":{"pagelayer_contact_templates":[],"_pagelayer_content":"","footnotes":""},"class_list":["post-19","page","type-page","status-publish","hentry"],"_links":{"self":[{"href":"http:\/\/turkhaberakademi.org.tr\/2021\/wp-json\/wp\/v2\/pages\/19","targetHints":{"allow":["GET"]}}],"collection":[{"href":"http:\/\/turkhaberakademi.org.tr\/2021\/wp-json\/wp\/v2\/pages"}],"about":[{"href":"http:\/\/turkhaberakademi.org.tr\/2021\/wp-json\/wp\/v2\/types\/page"}],"author":[{"embeddable":true,"href":"http:\/\/turkhaberakademi.org.tr\/2021\/wp-json\/wp\/v2\/users\/1"}],"replies":[{"embeddable":true,"href":"http:\/\/turkhaberakademi.org.tr\/2021\/wp-json\/wp\/v2\/comments?post=19"}],"version-history":[{"count":5,"href":"http:\/\/turkhaberakademi.org.tr\/2021\/wp-json\/wp\/v2\/pages\/19\/revisions"}],"predecessor-version":[{"id":50,"href":"http:\/\/turkhaberakademi.org.tr\/2021\/wp-json\/wp\/v2\/pages\/19\/revisions\/50"}],"wp:attachment":[{"href":"http:\/\/turkhaberakademi.org.tr\/2021\/wp-json\/wp\/v2\/media?parent=19"}],"curies":[{"name":"wp","href":"https:\/\/api.w.org\/{rel}","templated":true}]}}