{"id":18,"date":"2021-06-03T12:54:41","date_gmt":"2021-06-03T12:54:41","guid":{"rendered":"http:\/\/turkhaberakademi.org\/2021\/service\/"},"modified":"2021-06-03T14:19:21","modified_gmt":"2021-06-03T14:19:21","slug":"service","status":"publish","type":"page","link":"http:\/\/turkhaberakademi.org.tr\/2021\/service\/","title":{"rendered":"HAKKIMIZDA"},"content":{"rendered":"\n\n\n<p>HAKKIMIZDA<\/p>\n\n\n\n<p>Her biri kendi alan\u0131nda uzman akademisyen e\u011fitmenlerimiz.<\/p>\n\n\n<p><span style=\"font-size: 14px\">Alan\u0131nda uzman akademisyenlerimiz taraf\u0131ndan haz\u0131rlanan e\u011fitim materyalleri&nbsp;<\/span><\/p>\n\n\n<p><span style=\"font-size: 14px\">\u0130stedi\u011finiz anda istedi\u011finiz yerde, platform ba\u011f\u0131ms\u0131z e\u011fitim sistemi<\/span><\/p>\n\n\n\n\n","protected":false},"excerpt":{"rendered":"","protected":false},"author":1,"featured_media":0,"parent":0,"menu_order":0,"comment_status":"closed","ping_status":"closed","template":"","meta":{"pagelayer_contact_templates":[],"_pagelayer_content":"","footnotes":""},"class_list":["post-18","page","type-page","status-publish","hentry"],"_links":{"self":[{"href":"http:\/\/turkhaberakademi.org.tr\/2021\/wp-json\/wp\/v2\/pages\/18","targetHints":{"allow":["GET"]}}],"collection":[{"href":"http:\/\/turkhaberakademi.org.tr\/2021\/wp-json\/wp\/v2\/pages"}],"about":[{"href":"http:\/\/turkhaberakademi.org.tr\/2021\/wp-json\/wp\/v2\/types\/page"}],"author":[{"embeddable":true,"href":"http:\/\/turkhaberakademi.org.tr\/2021\/wp-json\/wp\/v2\/users\/1"}],"replies":[{"embeddable":true,"href":"http:\/\/turkhaberakademi.org.tr\/2021\/wp-json\/wp\/v2\/comments?post=18"}],"version-history":[{"count":3,"href":"http:\/\/turkhaberakademi.org.tr\/2021\/wp-json\/wp\/v2\/pages\/18\/revisions"}],"predecessor-version":[{"id":46,"href":"http:\/\/turkhaberakademi.org.tr\/2021\/wp-json\/wp\/v2\/pages\/18\/revisions\/46"}],"wp:attachment":[{"href":"http:\/\/turkhaberakademi.org.tr\/2021\/wp-json\/wp\/v2\/media?parent=18"}],"curies":[{"name":"wp","href":"https:\/\/api.w.org\/{rel}","templated":true}]}}